{"id":700,"date":"2022-02-11T12:58:56","date_gmt":"2022-02-11T12:58:56","guid":{"rendered":"https:\/\/consultordealimentos360.com.br\/ebook\/?page_id=700"},"modified":"2022-06-06T19:50:58","modified_gmt":"2022-06-06T19:50:58","slug":"politica-de-privacidade","status":"publish","type":"page","link":"https:\/\/consultordealimentos360.com.br\/ebook\/politica-de-privacidade\/","title":{"rendered":"Pol\u00edtica de privacidade"},"content":{"rendered":"\t\t<div data-elementor-type=\"wp-page\" data-elementor-id=\"700\" class=\"elementor elementor-700\">\n\t\t\t\t\t\t\t\t\t<section class=\"elementor-section elementor-top-section elementor-element elementor-element-d516738 elementor-section-boxed elementor-section-height-default elementor-section-height-default\" data-id=\"d516738\" data-element_type=\"section\">\n\t\t\t\t\t\t<div class=\"elementor-container elementor-column-gap-default\">\n\t\t\t\t\t<div class=\"elementor-column elementor-col-100 elementor-top-column elementor-element elementor-element-d584b36\" data-id=\"d584b36\" data-element_type=\"column\">\n\t\t\t<div class=\"elementor-widget-wrap elementor-element-populated\">\n\t\t\t\t\t\t\t\t<div class=\"elementor-element elementor-element-59d316b elementor-widget elementor-widget-heading\" data-id=\"59d316b\" data-element_type=\"widget\" data-widget_type=\"heading.default\">\n\t\t\t\t<div class=\"elementor-widget-container\">\n\t\t\t<style>\/*! elementor - v3.6.6 - 08-06-2022 *\/\n.elementor-heading-title{padding:0;margin:0;line-height:1}.elementor-widget-heading .elementor-heading-title[class*=elementor-size-]>a{color:inherit;font-size:inherit;line-height:inherit}.elementor-widget-heading .elementor-heading-title.elementor-size-small{font-size:15px}.elementor-widget-heading .elementor-heading-title.elementor-size-medium{font-size:19px}.elementor-widget-heading .elementor-heading-title.elementor-size-large{font-size:29px}.elementor-widget-heading .elementor-heading-title.elementor-size-xl{font-size:39px}.elementor-widget-heading .elementor-heading-title.elementor-size-xxl{font-size:59px}<\/style><h2 class=\"elementor-heading-title elementor-size-default\">LGPD<\/h2>\t\t<\/div>\n\t\t\t\t<\/div>\n\t\t\t\t\t<\/div>\n\t\t<\/div>\n\t\t\t\t\t\t\t<\/div>\n\t\t<\/section>\n\t\t\t\t<section class=\"elementor-section elementor-top-section elementor-element elementor-element-da62849 elementor-section-boxed elementor-section-height-default elementor-section-height-default\" data-id=\"da62849\" data-element_type=\"section\">\n\t\t\t\t\t\t<div class=\"elementor-container elementor-column-gap-default\">\n\t\t\t\t\t<div class=\"elementor-column elementor-col-100 elementor-top-column elementor-element elementor-element-8467315\" data-id=\"8467315\" data-element_type=\"column\">\n\t\t\t<div class=\"elementor-widget-wrap elementor-element-populated\">\n\t\t\t\t\t\t\t\t<div class=\"elementor-element elementor-element-82045fb elementor-widget elementor-widget-text-editor\" data-id=\"82045fb\" data-element_type=\"widget\" data-widget_type=\"text-editor.default\">\n\t\t\t\t<div class=\"elementor-widget-container\">\n\t\t\t<style>\/*! elementor - v3.6.6 - 08-06-2022 *\/\n.elementor-widget-text-editor.elementor-drop-cap-view-stacked .elementor-drop-cap{background-color:#818a91;color:#fff}.elementor-widget-text-editor.elementor-drop-cap-view-framed .elementor-drop-cap{color:#818a91;border:3px solid;background-color:transparent}.elementor-widget-text-editor:not(.elementor-drop-cap-view-default) .elementor-drop-cap{margin-top:8px}.elementor-widget-text-editor:not(.elementor-drop-cap-view-default) .elementor-drop-cap-letter{width:1em;height:1em}.elementor-widget-text-editor .elementor-drop-cap{float:left;text-align:center;line-height:1;font-size:50px}.elementor-widget-text-editor .elementor-drop-cap-letter{display:inline-block}<\/style>\t\t\t\t<h3 class=\"elementor-heading-title elementor-size-default\">POL\u00cdTICA DE PRIVACIDADE<\/h3>\t\t\t\t\t\t<\/div>\n\t\t\t\t<\/div>\n\t\t\t\t\t<\/div>\n\t\t<\/div>\n\t\t\t\t\t\t\t<\/div>\n\t\t<\/section>\n\t\t\t\t<section class=\"elementor-section elementor-top-section elementor-element elementor-element-a5cf970 elementor-section-boxed elementor-section-height-default elementor-section-height-default\" data-id=\"a5cf970\" data-element_type=\"section\">\n\t\t\t\t\t\t<div class=\"elementor-container elementor-column-gap-default\">\n\t\t\t\t\t<div class=\"elementor-column elementor-col-100 elementor-top-column elementor-element elementor-element-07da100\" data-id=\"07da100\" data-element_type=\"column\">\n\t\t\t<div class=\"elementor-widget-wrap elementor-element-populated\">\n\t\t\t\t\t\t\t\t<div class=\"elementor-element elementor-element-9f90c87 elementor-widget elementor-widget-text-editor\" data-id=\"9f90c87\" data-element_type=\"widget\" data-widget_type=\"text-editor.default\">\n\t\t\t\t<div class=\"elementor-widget-container\">\n\t\t\t\t\t\t\t<p>A Inove Nutri idealizadora do e-book, considera importante divulgar detalhes sobre a POL\u00cdTICA DE PRIVACIDADE de acesso.<\/p><p>A Inove Nutri tem o compromisso de preservar a privacidade dos clientes. Assim se faz necess\u00e1rio a leitura rotineira dessa implementa\u00e7\u00e3o da POL\u00cdTICA DE PRIVACIDADE, onde se demonstram os procedimentos tomados pela Inove Nutri, para que todos se mantenham informados sobre a abordagem deste assunto.<\/p>\t\t\t\t\t\t<\/div>\n\t\t\t\t<\/div>\n\t\t\t\t\t<\/div>\n\t\t<\/div>\n\t\t\t\t\t\t\t<\/div>\n\t\t<\/section>\n\t\t\t\t<section class=\"elementor-section elementor-top-section elementor-element elementor-element-37691303 elementor-section-content-middle elementor-section-boxed elementor-section-height-default elementor-section-height-default\" data-id=\"37691303\" data-element_type=\"section\" data-settings=\"{&quot;background_background&quot;:&quot;classic&quot;}\">\n\t\t\t\t\t\t<div class=\"elementor-container elementor-column-gap-default\">\n\t\t\t\t\t<div class=\"elementor-column elementor-col-100 elementor-top-column elementor-element elementor-element-7fdcebb6\" data-id=\"7fdcebb6\" data-element_type=\"column\">\n\t\t\t<div class=\"elementor-widget-wrap elementor-element-populated\">\n\t\t\t\t\t\t\t\t<div class=\"elementor-element elementor-element-43be0c8e elementor-widget elementor-widget-toggle\" data-id=\"43be0c8e\" data-element_type=\"widget\" data-widget_type=\"toggle.default\">\n\t\t\t\t<div class=\"elementor-widget-container\">\n\t\t\t<style>.elementor-toggle{text-align:left}.elementor-toggle .elementor-tab-title{font-weight:700;line-height:1;margin:0;padding:15px;border-bottom:1px solid #d4d4d4;cursor:pointer;outline:none}.elementor-toggle .elementor-tab-title .elementor-toggle-icon{display:inline-block;width:1em}.elementor-toggle .elementor-tab-title .elementor-toggle-icon svg{-webkit-margin-start:-5px;margin-inline-start:-5px;width:1em;height:1em}.elementor-toggle .elementor-tab-title .elementor-toggle-icon.elementor-toggle-icon-right{float:right;text-align:right}.elementor-toggle .elementor-tab-title .elementor-toggle-icon.elementor-toggle-icon-left{float:left;text-align:left}.elementor-toggle .elementor-tab-title .elementor-toggle-icon .elementor-toggle-icon-closed{display:block}.elementor-toggle .elementor-tab-title .elementor-toggle-icon .elementor-toggle-icon-opened{display:none}.elementor-toggle .elementor-tab-title.elementor-active{border-bottom:none}.elementor-toggle .elementor-tab-title.elementor-active .elementor-toggle-icon-closed{display:none}.elementor-toggle .elementor-tab-title.elementor-active .elementor-toggle-icon-opened{display:block}.elementor-toggle .elementor-tab-content{padding:15px;border-bottom:1px solid #d4d4d4;display:none}@media (max-width:767px){.elementor-toggle .elementor-tab-title{padding:12px}.elementor-toggle .elementor-tab-content{padding:12px 10px}}<\/style>\t\t<div class=\"elementor-toggle\" role=\"tablist\">\n\t\t\t\t\t\t\t<div class=\"elementor-toggle-item\">\n\t\t\t\t\t<div id=\"elementor-tab-title-1131\" class=\"elementor-tab-title\" data-tab=\"1\" role=\"tab\" aria-controls=\"elementor-tab-content-1131\" aria-expanded=\"false\">\n\t\t\t\t\t\t\t\t\t\t\t\t<span class=\"elementor-toggle-icon elementor-toggle-icon-left\" aria-hidden=\"true\">\n\t\t\t\t\t\t\t\t\t\t\t\t\t\t\t<span class=\"elementor-toggle-icon-closed\"><i class=\"fas fa-minus\"><\/i><\/span>\n\t\t\t\t\t\t\t\t<span class=\"elementor-toggle-icon-opened\"><i class=\"elementor-toggle-icon-opened fas fa-plus\"><\/i><\/span>\n\t\t\t\t\t\t\t\t\t\t\t\t\t<\/span>\n\t\t\t\t\t\t\t\t\t\t\t\t<a href=\"\" class=\"elementor-toggle-title\">POL\u00cdTICA DE PRIVACIDADE<\/a>\n\t\t\t\t\t<\/div>\n\n\t\t\t\t\t<div id=\"elementor-tab-content-1131\" class=\"elementor-tab-content elementor-clearfix\" data-tab=\"1\" role=\"tabpanel\" aria-labelledby=\"elementor-tab-title-1131\"><p>A Inove Nutri se empenha no cumprimento das leis de prote\u00e7\u00e3o de dados aplic\u00e1veis aos seus neg\u00f3cios, incluindo-se, mas n\u00e3o se limitando, a Lei Geral de Prote\u00e7\u00e3o de Dados Pessoais \u2013 LGPD. A Inove Nutri respeita sua privacidade on-line e a necessidade de prote\u00e7\u00e3o e gest\u00e3o de quaisquer informa\u00e7\u00f5es de identifica\u00e7\u00e3o pessoal (\u201cDados Pessoais\u201d) que voc\u00ea venha a compartilhar conosco.<\/p><\/div>\n\t\t\t\t<\/div>\n\t\t\t\t\t\t\t<div class=\"elementor-toggle-item\">\n\t\t\t\t\t<div id=\"elementor-tab-title-1132\" class=\"elementor-tab-title\" data-tab=\"2\" role=\"tab\" aria-controls=\"elementor-tab-content-1132\" aria-expanded=\"false\">\n\t\t\t\t\t\t\t\t\t\t\t\t<span class=\"elementor-toggle-icon elementor-toggle-icon-left\" aria-hidden=\"true\">\n\t\t\t\t\t\t\t\t\t\t\t\t\t\t\t<span class=\"elementor-toggle-icon-closed\"><i class=\"fas fa-minus\"><\/i><\/span>\n\t\t\t\t\t\t\t\t<span class=\"elementor-toggle-icon-opened\"><i class=\"elementor-toggle-icon-opened fas fa-plus\"><\/i><\/span>\n\t\t\t\t\t\t\t\t\t\t\t\t\t<\/span>\n\t\t\t\t\t\t\t\t\t\t\t\t<a href=\"\" class=\"elementor-toggle-title\">DADOS PESSOAIS<\/a>\n\t\t\t\t\t<\/div>\n\n\t\t\t\t\t<div id=\"elementor-tab-content-1132\" class=\"elementor-tab-content elementor-clearfix\" data-tab=\"2\" role=\"tabpanel\" aria-labelledby=\"elementor-tab-title-1132\"><p>Dados Pessoais referem-se a qualquer informa\u00e7\u00e3o que permita a sua identifica\u00e7\u00e3o total ou parcial e que esteja relacionada a uma pessoa singular identificada ou identific\u00e1vel tais como: nome, n\u00famero de origem documental, dados de localiza\u00e7\u00e3o, entre outros, os quais atrav\u00e9s de um identificador on-line, aliados a um ou mais fatores espec\u00edficos, resultem na identidade dessa pessoa.<br \/><br \/><\/p><\/div>\n\t\t\t\t<\/div>\n\t\t\t\t\t\t\t<div class=\"elementor-toggle-item\">\n\t\t\t\t\t<div id=\"elementor-tab-title-1133\" class=\"elementor-tab-title\" data-tab=\"3\" role=\"tab\" aria-controls=\"elementor-tab-content-1133\" aria-expanded=\"false\">\n\t\t\t\t\t\t\t\t\t\t\t\t<span class=\"elementor-toggle-icon elementor-toggle-icon-left\" aria-hidden=\"true\">\n\t\t\t\t\t\t\t\t\t\t\t\t\t\t\t<span class=\"elementor-toggle-icon-closed\"><i class=\"fas fa-minus\"><\/i><\/span>\n\t\t\t\t\t\t\t\t<span class=\"elementor-toggle-icon-opened\"><i class=\"elementor-toggle-icon-opened fas fa-plus\"><\/i><\/span>\n\t\t\t\t\t\t\t\t\t\t\t\t\t<\/span>\n\t\t\t\t\t\t\t\t\t\t\t\t<a href=\"\" class=\"elementor-toggle-title\">USO DE DADOS PESSOAIS<\/a>\n\t\t\t\t\t<\/div>\n\n\t\t\t\t\t<div id=\"elementor-tab-content-1133\" class=\"elementor-tab-content elementor-clearfix\" data-tab=\"3\" role=\"tabpanel\" aria-labelledby=\"elementor-tab-title-1133\"><ul><li>A Inove Nutri atrav\u00e9s das informa\u00e7\u00f5es, exclusivamente inseridas pelos Clientes, coleta seus Dados Pessoais para os seguintes fins:<br \/>para fornecer determinados servi\u00e7os personalizados a voc\u00ea, com a permiss\u00e3o do Cliente, ou \u00e0 empresa a qual voc\u00ea est\u00e1 associado;<br \/>Apoiar atividades como atendimento ao cliente, marketing, desenvolvimento de produtos e servi\u00e7os de recrutamento e sele\u00e7\u00e3o;<br \/>Informar a voc\u00ea ou a empresa com quem voc\u00ea est\u00e1 associado dos nossos produtos e servi\u00e7os e lhe fornecer nossas \u00faltimas informa\u00e7\u00f5es e not\u00edcias sobre a Inove Nutri;<br \/>Para lhe permitir entrar em contato com a Inove Nutri para que possamos atend\u00ea-lo (suporte);<br \/>Realizar periodicamente determinadas pesquisas sobre o desempenho da Inove Nutri ;<\/li><\/ul><\/div>\n\t\t\t\t<\/div>\n\t\t\t\t\t\t\t<div class=\"elementor-toggle-item\">\n\t\t\t\t\t<div id=\"elementor-tab-title-1134\" class=\"elementor-tab-title\" data-tab=\"4\" role=\"tab\" aria-controls=\"elementor-tab-content-1134\" aria-expanded=\"false\">\n\t\t\t\t\t\t\t\t\t\t\t\t<span class=\"elementor-toggle-icon elementor-toggle-icon-left\" aria-hidden=\"true\">\n\t\t\t\t\t\t\t\t\t\t\t\t\t\t\t<span class=\"elementor-toggle-icon-closed\"><i class=\"fas fa-minus\"><\/i><\/span>\n\t\t\t\t\t\t\t\t<span class=\"elementor-toggle-icon-opened\"><i class=\"elementor-toggle-icon-opened fas fa-plus\"><\/i><\/span>\n\t\t\t\t\t\t\t\t\t\t\t\t\t<\/span>\n\t\t\t\t\t\t\t\t\t\t\t\t<a href=\"\" class=\"elementor-toggle-title\">DIVULGA\u00c7\u00c3O DE DADOS PESSOAIS<\/a>\n\t\t\t\t\t<\/div>\n\n\t\t\t\t\t<div id=\"elementor-tab-content-1134\" class=\"elementor-tab-content elementor-clearfix\" data-tab=\"4\" role=\"tabpanel\" aria-labelledby=\"elementor-tab-title-1134\"><p style=\"margin-top: 0cm; background: white;\"><span style=\"font-family: Roboto; color: #403c39;\">N\u00e3o divulgaremos seus Dados Pessoais, exceto conforme descrito nesta Pol\u00edtica de Privacidade. A Inove Nutri est\u00e1 sempre aprimorando seus esfor\u00e7os para assegurar que esses Dados Pessoais sejam respeitados segundo os n\u00edveis mais altos de regras de prote\u00e7\u00e3o de dados LGPD. Caso voc\u00ea opte por receber materiais promocionais, podemos notific\u00e1-lo ocasionalmente sobre promo\u00e7\u00f5es especiais, novos produtos ou servi\u00e7os ou outras informa\u00e7\u00f5es que possam interess\u00e1-lo.<\/span><\/p><p style=\"margin-top: 0cm; background: white;\"><span style=\"font-family: Roboto; color: #403c39;\">Reservamos o nosso direito de divulgar Dados Pessoais nos casos em que for exigido por lei aplic\u00e1vel ou proteger os direitos de propriedade ou seguran\u00e7a da Inove Nutri de seus colaboradores, clientes ou p\u00fablico. Nestes casos, espec\u00edficos, as informa\u00e7\u00f5es e dados poder\u00e3o ser repassados \u00e0s autoridades competentes, dando-se ci\u00eancia ao Cliente da Inove Nutri, de modo que esta condi\u00e7\u00e3o ser\u00e1 utilizada com total sigilo.<\/span><\/p><\/div>\n\t\t\t\t<\/div>\n\t\t\t\t\t\t\t<div class=\"elementor-toggle-item\">\n\t\t\t\t\t<div id=\"elementor-tab-title-1135\" class=\"elementor-tab-title\" data-tab=\"5\" role=\"tab\" aria-controls=\"elementor-tab-content-1135\" aria-expanded=\"false\">\n\t\t\t\t\t\t\t\t\t\t\t\t<span class=\"elementor-toggle-icon elementor-toggle-icon-left\" aria-hidden=\"true\">\n\t\t\t\t\t\t\t\t\t\t\t\t\t\t\t<span class=\"elementor-toggle-icon-closed\"><i class=\"fas fa-minus\"><\/i><\/span>\n\t\t\t\t\t\t\t\t<span class=\"elementor-toggle-icon-opened\"><i class=\"elementor-toggle-icon-opened fas fa-plus\"><\/i><\/span>\n\t\t\t\t\t\t\t\t\t\t\t\t\t<\/span>\n\t\t\t\t\t\t\t\t\t\t\t\t<a href=\"\" class=\"elementor-toggle-title\">CONSENTIMENTO DO USU\u00c1RIO<\/a>\n\t\t\t\t\t<\/div>\n\n\t\t\t\t\t<div id=\"elementor-tab-content-1135\" class=\"elementor-tab-content elementor-clearfix\" data-tab=\"5\" role=\"tabpanel\" aria-labelledby=\"elementor-tab-title-1135\"><p style=\"margin-top: 0cm; background: white;\"><span style=\"font-family: Roboto; color: #403c39;\">Ao utilizar este site, voc\u00ea concorda e consente expressamente com os Termos de Uso e com a Pol\u00edtica de Privacidade da Inove Nutri e com nosso processamento de Dados Pessoais para as finalidades apresentadas acima.<\/span><\/p><\/div>\n\t\t\t\t<\/div>\n\t\t\t\t\t\t\t<div class=\"elementor-toggle-item\">\n\t\t\t\t\t<div id=\"elementor-tab-title-1136\" class=\"elementor-tab-title\" data-tab=\"6\" role=\"tab\" aria-controls=\"elementor-tab-content-1136\" aria-expanded=\"false\">\n\t\t\t\t\t\t\t\t\t\t\t\t<span class=\"elementor-toggle-icon elementor-toggle-icon-left\" aria-hidden=\"true\">\n\t\t\t\t\t\t\t\t\t\t\t\t\t\t\t<span class=\"elementor-toggle-icon-closed\"><i class=\"fas fa-minus\"><\/i><\/span>\n\t\t\t\t\t\t\t\t<span class=\"elementor-toggle-icon-opened\"><i class=\"elementor-toggle-icon-opened fas fa-plus\"><\/i><\/span>\n\t\t\t\t\t\t\t\t\t\t\t\t\t<\/span>\n\t\t\t\t\t\t\t\t\t\t\t\t<a href=\"\" class=\"elementor-toggle-title\">COOKIES E OUTRAS TECNOLOGIAS DE RASTREAMENTO<\/a>\n\t\t\t\t\t<\/div>\n\n\t\t\t\t\t<div id=\"elementor-tab-content-1136\" class=\"elementor-tab-content elementor-clearfix\" data-tab=\"6\" role=\"tabpanel\" aria-labelledby=\"elementor-tab-title-1136\"><p style=\"margin-top: 0cm; background: white;\"><span style=\"font-family: Roboto; color: #403c39;\">O \u201ccookie\u201d \u00e9 um arquivo que armazena temporariamente informa\u00e7\u00f5es de texto sobre sua navega\u00e7\u00e3o, este serve como troca de informa\u00e7\u00f5es entre o servidor do site acessado e o computador do usu\u00e1rio, aumentando a efici\u00eancia durante a navega\u00e7\u00e3o do usu\u00e1rio. Algumas das nossas p\u00e1ginas da web utilizam \u201ccookies\u201d e outras tecnologias de rastreamento. Algumas se\u00e7\u00f5es do site da Inove Nutri usam cookies para rastrear os padr\u00f5es de tr\u00e1fego de usu\u00e1rios. Isso \u00e9 feito para determinar a utilidade das informa\u00e7\u00f5es da Inove Nutri para nossos usu\u00e1rios e para ver se nossa estrutura de navega\u00e7\u00e3o \u00e9 eficaz na hora de ajudar os usu\u00e1rios a obter tais informa\u00e7\u00f5es.<\/span><\/p><p style=\"margin-top: 0cm; background: white;\"><span style=\"font-family: Roboto; color: #403c39;\">A Inove Nutri n\u00e3o correlaciona essas informa\u00e7\u00f5es com Dados Pessoais a respeito de usu\u00e1rios individuais nem compartilha as informa\u00e7\u00f5es ou as vende para terceiros.<\/span><\/p><p style=\"margin-top: 0cm; background: white;\"><span style=\"font-family: Roboto; color: #403c39;\">As tecnologias de rastreamento poder\u00e3o registrar informa\u00e7\u00f5es como dom\u00ednio de Internet e nomes de host, endere\u00e7os de protocolo de Internet (IP), tipos de software de navegador e sistema operacional, padr\u00f5es de fluxo de cliques, datas e hor\u00e1rios em que nosso site \u00e9 acessado. Nosso uso de cookies e de outras tecnologias de rastreamento permite que melhoremos nosso site e sua experi\u00eancia na web. Tamb\u00e9m poderemos analisar informa\u00e7\u00f5es que n\u00e3o contenham Informa\u00e7\u00f5es Pessoais em busca de tend\u00eancias e estat\u00edsticas.<\/span><\/p><\/div>\n\t\t\t\t<\/div>\n\t\t\t\t\t\t\t<div class=\"elementor-toggle-item\">\n\t\t\t\t\t<div id=\"elementor-tab-title-1137\" class=\"elementor-tab-title\" data-tab=\"7\" role=\"tab\" aria-controls=\"elementor-tab-content-1137\" aria-expanded=\"false\">\n\t\t\t\t\t\t\t\t\t\t\t\t<span class=\"elementor-toggle-icon elementor-toggle-icon-left\" aria-hidden=\"true\">\n\t\t\t\t\t\t\t\t\t\t\t\t\t\t\t<span class=\"elementor-toggle-icon-closed\"><i class=\"fas fa-minus\"><\/i><\/span>\n\t\t\t\t\t\t\t\t<span class=\"elementor-toggle-icon-opened\"><i class=\"elementor-toggle-icon-opened fas fa-plus\"><\/i><\/span>\n\t\t\t\t\t\t\t\t\t\t\t\t\t<\/span>\n\t\t\t\t\t\t\t\t\t\t\t\t<a href=\"\" class=\"elementor-toggle-title\">ALTERA\u00c7\u00d5ES A ESTA POL\u00cdTICA DE PRIVACIDADE<\/a>\n\t\t\t\t\t<\/div>\n\n\t\t\t\t\t<div id=\"elementor-tab-content-1137\" class=\"elementor-tab-content elementor-clearfix\" data-tab=\"7\" role=\"tabpanel\" aria-labelledby=\"elementor-tab-title-1137\"><p>A Inove Nutri reserva o direito de alterar os termos da sua Pol\u00edtica de Privacidade a qualquer momento.<\/p><\/div>\n\t\t\t\t<\/div>\n\t\t\t\t\t\t\t\t<\/div>\n\t\t\t\t<\/div>\n\t\t\t\t<\/div>\n\t\t\t\t\t<\/div>\n\t\t<\/div>\n\t\t\t\t\t\t\t<\/div>\n\t\t<\/section>\n\t\t\t\t\t\t\t<\/div>\n\t\t","protected":false},"excerpt":{"rendered":"<p>LGPD POL\u00cdTICA DE PRIVACIDADE A Inove Nutri idealizadora do e-book, considera importante divulgar detalhes sobre a POL\u00cdTICA DE PRIVACIDADE de acesso. A Inove Nutri tem o compromisso de preservar a privacidade dos clientes. Assim se faz necess\u00e1rio a leitura rotineira dessa implementa\u00e7\u00e3o da POL\u00cdTICA DE PRIVACIDADE, onde se demonstram os procedimentos tomados pela Inove Nutri,&hellip;&nbsp;<a href=\"https:\/\/consultordealimentos360.com.br\/ebook\/politica-de-privacidade\/\" class=\"\" rel=\"bookmark\">Continue a ler &raquo;<span class=\"screen-reader-text\">Pol\u00edtica de privacidade<\/span><\/a><\/p>\n","protected":false},"author":1,"featured_media":0,"parent":0,"menu_order":0,"comment_status":"closed","ping_status":"closed","template":"elementor_canvas","meta":{"neve_meta_sidebar":"","neve_meta_container":"","neve_meta_enable_content_width":"","neve_meta_content_width":0,"neve_meta_title_alignment":"","neve_meta_author_avatar":"","neve_post_elements_order":"","neve_meta_disable_header":"","neve_meta_disable_footer":"","neve_meta_disable_title":"","footnotes":""},"class_list":["post-700","page","type-page","status-publish","hentry"],"_links":{"self":[{"href":"https:\/\/consultordealimentos360.com.br\/ebook\/wp-json\/wp\/v2\/pages\/700","targetHints":{"allow":["GET"]}}],"collection":[{"href":"https:\/\/consultordealimentos360.com.br\/ebook\/wp-json\/wp\/v2\/pages"}],"about":[{"href":"https:\/\/consultordealimentos360.com.br\/ebook\/wp-json\/wp\/v2\/types\/page"}],"author":[{"embeddable":true,"href":"https:\/\/consultordealimentos360.com.br\/ebook\/wp-json\/wp\/v2\/users\/1"}],"replies":[{"embeddable":true,"href":"https:\/\/consultordealimentos360.com.br\/ebook\/wp-json\/wp\/v2\/comments?post=700"}],"version-history":[{"count":187,"href":"https:\/\/consultordealimentos360.com.br\/ebook\/wp-json\/wp\/v2\/pages\/700\/revisions"}],"predecessor-version":[{"id":1848,"href":"https:\/\/consultordealimentos360.com.br\/ebook\/wp-json\/wp\/v2\/pages\/700\/revisions\/1848"}],"wp:attachment":[{"href":"https:\/\/consultordealimentos360.com.br\/ebook\/wp-json\/wp\/v2\/media?parent=700"}],"curies":[{"name":"wp","href":"https:\/\/api.w.org\/{rel}","templated":true}]}}